{"id":1152,"date":"2024-03-08T22:29:17","date_gmt":"2024-03-08T22:29:17","guid":{"rendered":"https:\/\/joyasnanae.cl\/?page_id=1152"},"modified":"2024-03-10T14:52:34","modified_gmt":"2024-03-10T14:52:34","slug":"terminosycondiciones","status":"publish","type":"page","link":"https:\/\/joyasnanae.cl\/?page_id=1152","title":{"rendered":"T\u00e9rminos y Condiciones"},"content":{"rendered":"\t\t<div data-elementor-type=\"wp-page\" data-elementor-id=\"1152\" class=\"elementor elementor-1152\" data-elementor-post-type=\"page\">\n\t\t\t\t\t\t<section class=\"elementor-section elementor-top-section elementor-element elementor-element-3b1adc2d elementor-section-boxed elementor-section-height-default elementor-section-height-default\" data-id=\"3b1adc2d\" data-element_type=\"section\" data-settings=\"{&quot;background_background&quot;:&quot;classic&quot;}\">\n\t\t\t\t\t\t\t<div class=\"elementor-background-overlay\"><\/div>\n\t\t\t\t\t\t\t<div class=\"elementor-container elementor-column-gap-no\">\n\t\t\t\t\t<div class=\"elementor-column elementor-col-100 elementor-top-column elementor-element elementor-element-37ef3cac\" data-id=\"37ef3cac\" data-element_type=\"column\">\n\t\t\t<div class=\"elementor-widget-wrap elementor-element-populated\">\n\t\t\t\t\t\t<div class=\"elementor-element elementor-element-2f9ba0d4 elementor-widget elementor-widget-heading\" data-id=\"2f9ba0d4\" data-element_type=\"widget\" data-widget_type=\"heading.default\">\n\t\t\t\t<div class=\"elementor-widget-container\">\n\t\t\t\t\t<h1 class=\"elementor-heading-title elementor-size-default\">T\u00c9RMINOS Y CONDICIONES<\/h1>\t\t\t\t<\/div>\n\t\t\t\t<\/div>\n\t\t\t\t\t<\/div>\n\t\t<\/div>\n\t\t\t\t\t<\/div>\n\t\t<\/section>\n\t\t\t\t<section class=\"elementor-section elementor-top-section elementor-element elementor-element-2c5c56f7 elementor-section-boxed elementor-section-height-default elementor-section-height-default\" data-id=\"2c5c56f7\" data-element_type=\"section\">\n\t\t\t\t\t\t<div class=\"elementor-container elementor-column-gap-no\">\n\t\t\t\t\t<div class=\"elementor-column elementor-col-100 elementor-top-column elementor-element elementor-element-3ae9cc53\" data-id=\"3ae9cc53\" data-element_type=\"column\">\n\t\t\t<div class=\"elementor-widget-wrap\">\n\t\t\t\t\t\t\t<\/div>\n\t\t<\/div>\n\t\t\t\t\t<\/div>\n\t\t<\/section>\n\t\t<div class=\"elementor-element elementor-element-2d70ef7 e-flex e-con-boxed e-con e-parent\" data-id=\"2d70ef7\" data-element_type=\"container\">\n\t\t\t\t\t<div class=\"e-con-inner\">\n\t\t<div class=\"elementor-element elementor-element-37fd102f e-con-full e-flex e-con e-child\" data-id=\"37fd102f\" data-element_type=\"container\">\n\t\t\t\t<div class=\"elementor-element elementor-element-1dcd42a6 elementor-widget elementor-widget-heading\" data-id=\"1dcd42a6\" data-element_type=\"widget\" data-widget_type=\"heading.default\">\n\t\t\t\t<div class=\"elementor-widget-container\">\n\t\t\t\t\t<h2 class=\"elementor-heading-title elementor-size-default\">DESPACHOS<\/h2>\t\t\t\t<\/div>\n\t\t\t\t<\/div>\n\t\t\t\t<div class=\"elementor-element elementor-element-2c6574c1 elementor-widget-divider--view-line elementor-widget elementor-widget-divider\" data-id=\"2c6574c1\" data-element_type=\"widget\" data-widget_type=\"divider.default\">\n\t\t\t\t<div class=\"elementor-widget-container\">\n\t\t\t\t\t\t\t<div class=\"elementor-divider\">\n\t\t\t<span class=\"elementor-divider-separator\">\n\t\t\t\t\t\t<\/span>\n\t\t<\/div>\n\t\t\t\t\t\t<\/div>\n\t\t\t\t<\/div>\n\t\t\t\t<div class=\"elementor-element elementor-element-2d9a15e elementor-widget elementor-widget-text-editor\" data-id=\"2d9a15e\" data-element_type=\"widget\" data-widget_type=\"text-editor.default\">\n\t\t\t\t<div class=\"elementor-widget-container\">\n\t\t\t\t\t\t\t\t\t<p>En Joyas Nanae realizamos despachos de lunes a jueves con un <strong>plazo m\u00e1ximo de entrega de 48 a72 horas<\/strong> h\u00e1biles una vez recibido el pago.<\/p><p>Si te encuentras en la <strong>Regi\u00f3n Metropolitana<\/strong> y realizas una compra superior a $50.000 el servicio es <strong>GRATUITO<\/strong>. Si tu compra es por un monto menor, el costo de env\u00edo ser\u00e1 de $4.500.<\/p><p>Si te encuentras en <strong>Regiones<\/strong>, el costo de env\u00edo ser\u00e1 por pagar y depender\u00e1 de la ubicaci\u00f3n de entrega. Todos los env\u00edos ser\u00e1n realizados v\u00eda <strong>Starken<\/strong>, ya que en la actualidad es la agencia de transporte m\u00e1s econ\u00f3mica y conveniente para nuestros clientes. Recuerda siempre enviar tus datos (nombre y apellido, Rut, direcci\u00f3n y n\u00famero de tel\u00e9fono) para evitar demoras en el servicio.<\/p><p><strong>SIEMPRE<\/strong> podr\u00e1s hacer seguimiento de tu compra contact\u00e1ndonos al whatsapp <strong><a href=\"http:\/\/wa.me\/56951477768\">+56951477768<\/a><\/strong>.<\/p>\t\t\t\t\t\t\t\t<\/div>\n\t\t\t\t<\/div>\n\t\t\t\t<\/div>\n\t\t<div class=\"elementor-element elementor-element-4e8e5f3a e-con-full e-flex e-con e-child\" data-id=\"4e8e5f3a\" data-element_type=\"container\">\n\t\t\t\t<div class=\"elementor-element elementor-element-2852a36d elementor-widget elementor-widget-image\" data-id=\"2852a36d\" data-element_type=\"widget\" data-widget_type=\"image.default\">\n\t\t\t\t<div class=\"elementor-widget-container\">\n\t\t\t\t\t\t\t\t\t\t\t\t\t\t\t<img fetchpriority=\"high\" decoding=\"async\" width=\"800\" height=\"800\" src=\"https:\/\/joyasnanae.cl\/wp-content\/uploads\/2024\/03\/NANAE_CERTIFICADA3.png\" class=\"attachment-large size-large wp-image-877\" alt=\"\" srcset=\"https:\/\/joyasnanae.cl\/wp-content\/uploads\/2024\/03\/NANAE_CERTIFICADA3.png 800w, https:\/\/joyasnanae.cl\/wp-content\/uploads\/2024\/03\/NANAE_CERTIFICADA3-300x300.png 300w, https:\/\/joyasnanae.cl\/wp-content\/uploads\/2024\/03\/NANAE_CERTIFICADA3-150x150.png 150w, https:\/\/joyasnanae.cl\/wp-content\/uploads\/2024\/03\/NANAE_CERTIFICADA3-768x768.png 768w, https:\/\/joyasnanae.cl\/wp-content\/uploads\/2024\/03\/NANAE_CERTIFICADA3-100x100.png 100w, https:\/\/joyasnanae.cl\/wp-content\/uploads\/2024\/03\/NANAE_CERTIFICADA3-50x50.png 50w\" sizes=\"(max-width: 800px) 100vw, 800px\" \/>\t\t\t\t\t\t\t\t\t\t\t\t\t\t\t<\/div>\n\t\t\t\t<\/div>\n\t\t\t\t<\/div>\n\t\t<div class=\"elementor-element elementor-element-78d81241 e-con-full e-flex e-con e-child\" data-id=\"78d81241\" data-element_type=\"container\">\n\t\t\t\t<div class=\"elementor-element elementor-element-628e55e elementor-widget elementor-widget-spacer\" data-id=\"628e55e\" data-element_type=\"widget\" data-widget_type=\"spacer.default\">\n\t\t\t\t<div class=\"elementor-widget-container\">\n\t\t\t\t\t\t\t<div class=\"elementor-spacer\">\n\t\t\t<div class=\"elementor-spacer-inner\"><\/div>\n\t\t<\/div>\n\t\t\t\t\t\t<\/div>\n\t\t\t\t<\/div>\n\t\t\t\t<div class=\"elementor-element elementor-element-f00d0ce elementor-widget elementor-widget-heading\" data-id=\"f00d0ce\" data-element_type=\"widget\" data-widget_type=\"heading.default\">\n\t\t\t\t<div class=\"elementor-widget-container\">\n\t\t\t\t\t<h2 class=\"elementor-heading-title elementor-size-default\">DERECHOS Y GARANT\u00cdAS DEL USUARIO DEL SITIO.<\/h2>\t\t\t\t<\/div>\n\t\t\t\t<\/div>\n\t\t\t\t<div class=\"elementor-element elementor-element-6bc4ef7 elementor-widget elementor-widget-spacer\" data-id=\"6bc4ef7\" data-element_type=\"widget\" data-widget_type=\"spacer.default\">\n\t\t\t\t<div class=\"elementor-widget-container\">\n\t\t\t\t\t\t\t<div class=\"elementor-spacer\">\n\t\t\t<div class=\"elementor-spacer-inner\"><\/div>\n\t\t<\/div>\n\t\t\t\t\t\t<\/div>\n\t\t\t\t<\/div>\n\t\t\t\t<div class=\"elementor-element elementor-element-2d689ef elementor-widget elementor-widget-text-editor\" data-id=\"2d689ef\" data-element_type=\"widget\" data-widget_type=\"text-editor.default\">\n\t\t\t\t<div class=\"elementor-widget-container\">\n\t\t\t\t\t\t\t\t\t<p>El Usuario gozar\u00e1 de todos los derechos que le reconoce la legislaci\u00f3n sobre protecci\u00f3n al consumidor vigente en Chile, adicionalmente a los derechos que le otorgan estos T\u00e9rminos y Condiciones. Adem\u00e1s, el Usuario dispondr\u00e1 en todo momento de los derechos de informaci\u00f3n, rectificaci\u00f3n y cancelaci\u00f3n de los datos personales conforme a la Ley N\u00b0 19.628 sobre protecci\u00f3n de datos personales.<\/p>\t\t\t\t\t\t\t\t<\/div>\n\t\t\t\t<\/div>\n\t\t\t\t<\/div>\n\t\t\t\t\t<\/div>\n\t\t\t\t<\/div>\n\t\t<div class=\"elementor-element elementor-element-aa863d0 e-flex e-con-boxed e-con e-parent\" data-id=\"aa863d0\" data-element_type=\"container\">\n\t\t\t\t\t<div class=\"e-con-inner\">\n\t\t\t\t<div class=\"elementor-element elementor-element-00b3972 elementor-widget elementor-widget-heading\" data-id=\"00b3972\" data-element_type=\"widget\" data-widget_type=\"heading.default\">\n\t\t\t\t<div class=\"elementor-widget-container\">\n\t\t\t\t\t<h2 class=\"elementor-heading-title elementor-size-default\">CAMBIOS Y DEVOLUCIONES<\/h2>\t\t\t\t<\/div>\n\t\t\t\t<\/div>\n\t\t\t\t<div class=\"elementor-element elementor-element-9d57950 elementor-widget elementor-widget-text-editor\" data-id=\"9d57950\" data-element_type=\"widget\" data-widget_type=\"text-editor.default\">\n\t\t\t\t<div class=\"elementor-widget-container\">\n\t\t\t\t\t\t\t\t\t<p>Si el producto comprado no satisface al Usuario, \u00e9ste podr\u00e1 cambiarlo o devolverlo, en un plazo de <strong>hasta 10 d\u00edas despu\u00e9s<\/strong> de la fecha en que lo ha recibido, si fue despachado a domicilio, el usuario deber\u00e1 enviarlo por sucursal <strong>STARKEN<\/strong>, o alg\u00fan medio acordado entre ambas partes, debiendo pagar el valor del env\u00edo.<\/p><p>Para poder hacer el cambio o devoluci\u00f3n, es necesario que el producto est\u00e9 sin uso, con todos sus accesorios y embalaje o empaque original. El usuario deber\u00e1 comunicarse por <a href=\"mailto: contacto@joyasnanae.cl\"><strong>correo electr\u00f3nico<\/strong><\/a> o<a href=\"http:\/\/wa.me\/56951477768\"> WhatsApp<\/a>, presentado la boleta, gu\u00eda de despacho, o cualquier otro comprobante de haberse realizado la compra.<\/p><p>En caso de productos usados, abiertos, de segunda selecci\u00f3n o con alguna deficiencia, <strong>JOYAS NANAE<\/strong> informar\u00e1 de su debido estado, proporcionando toda la informaci\u00f3n relacionada. Si el Usuario accede a comprarlos bajo conocimiento de esta situaci\u00f3n, y teniendo en consideraci\u00f3n un precio reducido, no ser\u00e1n aplicables las pol\u00edticas de cambio o devoluci\u00f3n.<\/p><p>En caso de devoluci\u00f3n de dinero, <strong>JOYAS NANAE<\/strong> realizar\u00e1 un abono en el medio de pago que hubiera utilizado el Usuario, en un <strong>plazo no mayor a 72 horas<\/strong>, luego de recibir el producto y haber verificado las condiciones de este. Lo que ser\u00e1 informado debidamente al Usuario mediante el correo electr\u00f3nico que hubiera proporcionado, o bien mediante alg\u00fan otro medio de comunicaci\u00f3n adicional.<\/p>\t\t\t\t\t\t\t\t<\/div>\n\t\t\t\t<\/div>\n\t\t\t\t\t<\/div>\n\t\t\t\t<\/div>\n\t\t<div class=\"elementor-element elementor-element-16941a8 e-flex e-con-boxed e-con e-parent\" data-id=\"16941a8\" data-element_type=\"container\">\n\t\t\t\t\t<div class=\"e-con-inner\">\n\t\t\t\t<div class=\"elementor-element elementor-element-03fae45 elementor-widget elementor-widget-heading\" data-id=\"03fae45\" data-element_type=\"widget\" data-widget_type=\"heading.default\">\n\t\t\t\t<div class=\"elementor-widget-container\">\n\t\t\t\t\t<h2 class=\"elementor-heading-title elementor-size-default\">GARANT\u00cdAS LEGALES<\/h2>\t\t\t\t<\/div>\n\t\t\t\t<\/div>\n\t\t\t\t<div class=\"elementor-element elementor-element-8238390 elementor-widget elementor-widget-text-editor\" data-id=\"8238390\" data-element_type=\"widget\" data-widget_type=\"text-editor.default\">\n\t\t\t\t<div class=\"elementor-widget-container\">\n\t\t\t\t\t\t\t\t\t<p>En caso que el producto no cuente con las caracter\u00edsticas informadas o publicitadas, si tuviera alg\u00fan tipo de da\u00f1o o le faltara alg\u00fan componente, podr\u00e1 ser cambiado inmediatamente. Si presenta fallas o defectos <strong>DENTRO de los 30 d\u00edas<\/strong> siguientes a la fecha de recepci\u00f3n, el usuario puede optar por su reparaci\u00f3n, cambio o bien la devoluci\u00f3n del precio pagado, siempre que los da\u00f1os o deterioros no hubieran sido ocasionados por el cliente.<\/p><p><strong>GARANTIZAMOS 100%<\/strong> la calidad del metal <strong>\u201cplata\u201d<\/strong> de nuestros productos, solos vendemos joyas de plata <strong>Ley 925 y 950 certificada<\/strong>.<\/p><p><strong>NO GARANTIZAMOS<\/strong> da\u00f1os por mal uso de una joya, tales como; cortes o tirones de cadenas y pulseras; cadenas y pulseras cola de topo o cintas da\u00f1adas por doblamiento (se recomienda no tenerlas en mangas o carteras), quiebres o roturas de piedras o strass. V\u00e1stagos de aros quebrados y aros trepadores (por ser muy delicados).<\/p>\t\t\t\t\t\t\t\t<\/div>\n\t\t\t\t<\/div>\n\t\t\t\t\t<\/div>\n\t\t\t\t<\/div>\n\t\t<div class=\"elementor-element elementor-element-be8c2e3 e-flex e-con-boxed e-con e-parent\" data-id=\"be8c2e3\" data-element_type=\"container\">\n\t\t\t\t\t<div class=\"e-con-inner\">\n\t\t\t\t<div class=\"elementor-element elementor-element-4ded674 elementor-widget__width-initial elementor-widget elementor-widget-text-editor\" data-id=\"4ded674\" data-element_type=\"widget\" data-widget_type=\"text-editor.default\">\n\t\t\t\t<div class=\"elementor-widget-container\">\n\t\t\t\t\t\t\t\t\t<p>&#8230; Ante cualquier DUDA <strong>escr\u00edbenos<\/strong>&#8230; estamos disponibles para ayudarte!<\/p>\t\t\t\t\t\t\t\t<\/div>\n\t\t\t\t<\/div>\n\t\t\t\t\t<\/div>\n\t\t\t\t<\/div>\n\t\t<div class=\"elementor-element elementor-element-25b2b1d e-flex e-con-boxed e-con e-parent\" data-id=\"25b2b1d\" data-element_type=\"container\">\n\t\t\t\t\t<div class=\"e-con-inner\">\n\t\t<div class=\"elementor-element elementor-element-d4acb47 e-con-full e-flex e-con e-child\" data-id=\"d4acb47\" data-element_type=\"container\">\n\t\t\t\t<\/div>\n\t\t<div class=\"elementor-element elementor-element-f4227e0 e-con-full e-flex e-con e-child\" data-id=\"f4227e0\" data-element_type=\"container\">\n\t\t\t\t<div class=\"elementor-element elementor-element-ebf66c2 elementor-widget elementor-widget-wpforms\" data-id=\"ebf66c2\" data-element_type=\"widget\" data-widget_type=\"wpforms.default\">\n\t\t\t\t<div class=\"elementor-widget-container\">\n\t\t\t\t\t<div class=\"wpforms-container \" id=\"wpforms-17\"><form id=\"wpforms-form-17\" class=\"wpforms-validate wpforms-form wpforms-ajax-form\" data-formid=\"17\" method=\"post\" enctype=\"multipart\/form-data\" action=\"\/index.php?rest_route=%2Fwp%2Fv2%2Fpages%2F1152\" data-token=\"431c6ebca3951c68d7c422825f868832\" data-token-time=\"1776573618\"><noscript class=\"wpforms-error-noscript\">Por favor, activa JavaScript en tu navegador para completar este formulario.<\/noscript><div class=\"wpforms-field-container\"><div id=\"wpforms-17-field_0-container\" class=\"wpforms-field wpforms-field-name\" data-field-id=\"0\"><label class=\"wpforms-field-label wpforms-label-hide\" for=\"wpforms-17-field_0\">Nombre <span class=\"wpforms-required-label\">*<\/span><\/label><div class=\"wpforms-field-row wpforms-field-large\"><div class=\"wpforms-field-row-block wpforms-first wpforms-one-half\"><input type=\"text\" id=\"wpforms-17-field_0\" class=\"wpforms-field-name-first wpforms-field-required\" name=\"wpforms[fields][0][first]\" placeholder=\"Nombre\" required><label for=\"wpforms-17-field_0\" class=\"wpforms-field-sublabel after wpforms-sublabel-hide\">Nombre<\/label><\/div><div class=\"wpforms-field-row-block wpforms-one-half\"><input type=\"text\" id=\"wpforms-17-field_0-last\" class=\"wpforms-field-name-last wpforms-field-required\" name=\"wpforms[fields][0][last]\" placeholder=\"Apellido\" required><label for=\"wpforms-17-field_0-last\" class=\"wpforms-field-sublabel after wpforms-sublabel-hide\">Apellidos<\/label><\/div><\/div><\/div><div id=\"wpforms-17-field_1-container\" class=\"wpforms-field wpforms-field-email\" data-field-id=\"1\"><label class=\"wpforms-field-label wpforms-label-hide\" for=\"wpforms-17-field_1\">E-mail <span class=\"wpforms-required-label\">*<\/span><\/label><input type=\"email\" id=\"wpforms-17-field_1\" class=\"wpforms-field-large wpforms-field-required\" name=\"wpforms[fields][1]\" placeholder=\"E-mail\" spellcheck=\"false\" required><\/div><div id=\"wpforms-17-field_2-container\" class=\"wpforms-field wpforms-field-textarea\" data-field-id=\"2\"><label class=\"wpforms-field-label wpforms-label-hide\" for=\"wpforms-17-field_2\">Mensaje<\/label><textarea id=\"wpforms-17-field_2\" class=\"wpforms-field-medium\" name=\"wpforms[fields][2]\" ><\/textarea><\/div><\/div><!-- .wpforms-field-container --><div class=\"wpforms-submit-container\" ><input type=\"hidden\" name=\"wpforms[id]\" value=\"17\"><input type=\"hidden\" name=\"page_title\" value=\"\"><input type=\"hidden\" name=\"page_url\" value=\"https:\/\/joyasnanae.cl\/index.php?rest_route=\/wp\/v2\/pages\/1152\"><input type=\"hidden\" name=\"url_referer\" value=\"\"><button type=\"submit\" name=\"wpforms[submit]\" id=\"wpforms-submit-17\" class=\"wpforms-submit\" data-alt-text=\"Enviando...\" data-submit-text=\"Enviar\" aria-live=\"assertive\" value=\"wpforms-submit\">Enviar<\/button><img decoding=\"async\" src=\"https:\/\/joyasnanae.cl\/wp-content\/plugins\/wpforms-lite\/assets\/images\/submit-spin.svg\" class=\"wpforms-submit-spinner\" style=\"display: none;\" width=\"26\" height=\"26\" alt=\"Cargando\"><\/div><\/form><\/div>  <!-- .wpforms-container -->\t\t\t\t<\/div>\n\t\t\t\t<\/div>\n\t\t\t\t<\/div>\n\t\t<div class=\"elementor-element elementor-element-c2075bc e-con-full e-flex e-con e-child\" data-id=\"c2075bc\" data-element_type=\"container\">\n\t\t\t\t<\/div>\n\t\t\t\t\t<\/div>\n\t\t\t\t<\/div>\n\t\t<div class=\"elementor-element elementor-element-7ab59e4 e-flex e-con-boxed e-con e-parent\" data-id=\"7ab59e4\" data-element_type=\"container\">\n\t\t\t\t\t<div class=\"e-con-inner\">\n\t\t\t\t<div class=\"elementor-element elementor-element-f10f81b elementor-widget elementor-widget-spacer\" data-id=\"f10f81b\" data-element_type=\"widget\" data-widget_type=\"spacer.default\">\n\t\t\t\t<div class=\"elementor-widget-container\">\n\t\t\t\t\t\t\t<div class=\"elementor-spacer\">\n\t\t\t<div class=\"elementor-spacer-inner\"><\/div>\n\t\t<\/div>\n\t\t\t\t\t\t<\/div>\n\t\t\t\t<\/div>\n\t\t\t\t\t<\/div>\n\t\t\t\t<\/div>\n\t\t\t\t<\/div>\n\t\t","protected":false},"excerpt":{"rendered":"<p>T\u00c9RMINOS Y CONDICIONES DESPACHOS En Joyas Nanae realizamos despachos de lunes a jueves con un plazo m\u00e1ximo de entrega de 48 a72 horas h\u00e1biles una vez recibido el pago. Si te encuentras en la Regi\u00f3n Metropolitana y realizas una compra superior a $50.000 el servicio es GRATUITO. Si tu compra es por un monto menor, [&hellip;]<\/p>\n","protected":false},"author":1,"featured_media":0,"parent":0,"menu_order":0,"comment_status":"closed","ping_status":"closed","template":"","meta":{"site-sidebar-layout":"no-sidebar","site-content-layout":"page-builder","ast-site-content-layout":"full-width-container","site-content-style":"default","site-sidebar-style":"default","ast-global-header-display":"","ast-banner-title-visibility":"","ast-main-header-display":"","ast-hfb-above-header-display":"","ast-hfb-below-header-display":"","ast-hfb-mobile-header-display":"","site-post-title":"disabled","ast-breadcrumbs-content":"","ast-featured-img":"disabled","footer-sml-layout":"","ast-disable-related-posts":"","theme-transparent-header-meta":"","adv-header-id-meta":"","stick-header-meta":"","header-above-stick-meta":"","header-main-stick-meta":"","header-below-stick-meta":"","astra-migrate-meta-layouts":"set","ast-page-background-enabled":"default","ast-page-background-meta":{"desktop":{"background-color":"var(--ast-global-color-4)","background-image":"","background-repeat":"repeat","background-position":"center center","background-size":"auto","background-attachment":"scroll","background-type":"","background-media":"","overlay-type":"","overlay-color":"","overlay-opacity":"","overlay-gradient":""},"tablet":{"background-color":"","background-image":"","background-repeat":"repeat","background-position":"center center","background-size":"auto","background-attachment":"scroll","background-type":"","background-media":"","overlay-type":"","overlay-color":"","overlay-opacity":"","overlay-gradient":""},"mobile":{"background-color":"","background-image":"","background-repeat":"repeat","background-position":"center center","background-size":"auto","background-attachment":"scroll","background-type":"","background-media":"","overlay-type":"","overlay-color":"","overlay-opacity":"","overlay-gradient":""}},"ast-content-background-meta":{"desktop":{"background-color":"var(--ast-global-color-5)","background-image":"","background-repeat":"repeat","background-position":"center center","background-size":"auto","background-attachment":"scroll","background-type":"","background-media":"","overlay-type":"","overlay-color":"","overlay-opacity":"","overlay-gradient":""},"tablet":{"background-color":"var(--ast-global-color-5)","background-image":"","background-repeat":"repeat","background-position":"center center","background-size":"auto","background-attachment":"scroll","background-type":"","background-media":"","overlay-type":"","overlay-color":"","overlay-opacity":"","overlay-gradient":""},"mobile":{"background-color":"var(--ast-global-color-5)","background-image":"","background-repeat":"repeat","background-position":"center center","background-size":"auto","background-attachment":"scroll","background-type":"","background-media":"","overlay-type":"","overlay-color":"","overlay-opacity":"","overlay-gradient":""}},"_joinchat":[],"footnotes":""},"class_list":["post-1152","page","type-page","status-publish","hentry"],"_links":{"self":[{"href":"https:\/\/joyasnanae.cl\/index.php?rest_route=\/wp\/v2\/pages\/1152","targetHints":{"allow":["GET"]}}],"collection":[{"href":"https:\/\/joyasnanae.cl\/index.php?rest_route=\/wp\/v2\/pages"}],"about":[{"href":"https:\/\/joyasnanae.cl\/index.php?rest_route=\/wp\/v2\/types\/page"}],"author":[{"embeddable":true,"href":"https:\/\/joyasnanae.cl\/index.php?rest_route=\/wp\/v2\/users\/1"}],"replies":[{"embeddable":true,"href":"https:\/\/joyasnanae.cl\/index.php?rest_route=%2Fwp%2Fv2%2Fcomments&post=1152"}],"version-history":[{"count":53,"href":"https:\/\/joyasnanae.cl\/index.php?rest_route=\/wp\/v2\/pages\/1152\/revisions"}],"predecessor-version":[{"id":1217,"href":"https:\/\/joyasnanae.cl\/index.php?rest_route=\/wp\/v2\/pages\/1152\/revisions\/1217"}],"wp:attachment":[{"href":"https:\/\/joyasnanae.cl\/index.php?rest_route=%2Fwp%2Fv2%2Fmedia&parent=1152"}],"curies":[{"name":"wp","href":"https:\/\/api.w.org\/{rel}","templated":true}]}}